{"id":3174,"date":"2016-06-09T17:00:56","date_gmt":"2016-06-09T17:00:56","guid":{"rendered":"https:\/\/www.grigiarancio.it\/3141-2\/?lang=en"},"modified":"2022-05-20T14:53:57","modified_gmt":"2022-05-20T14:53:57","slug":"3141-2","status":"publish","type":"page","link":"https:\/\/www.grigiarancio.it\/en\/3141-2\/","title":{"rendered":"Cookie &#038; Privacy"},"content":{"rendered":"<p><strong>AREA LEGALE<\/strong><\/p>\n<p><strong>CONDIZIONI GENERALI D\u2019USO<\/strong><\/p>\n<p>Benvenuti sul sito www.grigiarancio.it.<br \/>\nL\u2019accesso, la consultazione, la registrazione e qualsivoglia uso del presente Sito web e dei relativi contenuti e servizi, sono attivit\u00e0 regolate dalle presenti Condizioni generali d\u2019uso: l\u2019uso del Sito ne presuppone, quindi la conoscenza e ne comporta l\u2019accettazione incondizionata e integrale.<br \/>\nPrima di utilizzare il Sito Vi invitiamo, pertanto, a leggerle con attenzione, ed a consultare l\u2019informativa sulla privacy e sull\u2019utilizzo dei cookie.<\/p>\n<p><strong>Uso del sito www.grigiarancio.it (di seguito solo \u201cil Sito\u201d)<\/strong><br \/>\nL\u2019uso del Sito \u00e8 autorizzato esclusivamente per scopi personali, ed \u00e8 consentito solo alle persone di maggiore d\u2019et\u00e0.<br \/>\nNell\u2019uso del Sito l\u2019utente si impegna a non:<br \/>\na. comunicare dati e\/o informazioni falsi, non corretti e\/o relativi a soggetti terzi, senza che questi abbiano espresso il loro consenso e\/o a fare un uso non corretto degli stessi;<br \/>\nb. comunicare, trasmettere o caricare contenuti, link, file o qualsiasi altra cosa che:<br \/>\n&#8211; presentino carattere osceno, violento, dannoso, offensivo, intimidatorio, fraudolento, riservato o illegale;<br \/>\n&#8211; costituiscano spam o altra forma di pubblicit\u00e0 commerciale o promozionale non autorizzata per iscritto;<br \/>\n&#8211; siano tecnicamente dannosi o pericolosi, quali i virus informatici;<br \/>\n&#8211; danneggino o manomettano il presente sito web;<br \/>\n&#8211; violino i diritti di terzi, le Condizioni generali d\u2019uso e\/o qualsiasi disposizione dell\u2019ordinamento giuridico vigente.<br \/>\nIl Gestore del sito \u00e8 la societ\u00e0 Calzaturificio Marco s.r.l., in persona del legale rappresentante pro-tempore, P.iva\u00a004246290482, con sede in Lastra a Signa (FI), Via delle Macine 41\/42. Quest\u2019ultima si riserva la facolt\u00e0 di interrompere, sospendere e\/o revocare l\u2019uso del sito in caso di violazioni delle presenti Condizioni d\u2019uso, e di rimuovere eventuali contenuti contrari a quanto indicato sub a) e b). L\u2019utente riconosce ed accetta che il Gestore non sar\u00e0 in nessun caso ritenuto responsabile per le eventuali interruzioni, sospensioni e\/o revoche dell\u2019uso del Sito.<\/p>\n<p><strong>Link ad altri siti web.<\/strong><br \/>\nIl Sito www.grigiarancio.it pu\u00f2 contenere collegamenti ipertestuali (\u201clink\u201d) ad altri siti web che non hanno alcun collegamento con il Sito, e vengono indicati esclusivamente per agevolare la navigazione dell\u2019utente nel web.<br \/>\nL\u2019attivazione dei link suddetti non comporta alcuna garanzia circa i loro contenuti, i servizi o i beni da questi forniti e venduti. L\u2019utente \u00e8 quindi tenuto a leggere attentamente le Condizioni generali d\u2019uso, l\u2019informativa privacy ed ogni altra nota legale presenti su tali siti.<\/p>\n<h3>INFORMATIVA PER IL TRATTAMENTO DEI DATI PERSONALI<\/h3>\n<p>Ai sensi del Regolamento UE n. 2016\/679 (di seguito \u201cGDPR 2016\/679\u201d), recante disposizioni a tutela delle persone e di altri soggetti rispetto al trattamento dei dati personali, nonch\u00e9 del D.Lgs. n. 196\/2003, recante il \u201cCodice in materia di protezione dei dati personali\u201d, cos\u00ec come modificato dal D.Lgs. n. 101\/2018, desideriamo informarLa che i dati personali da Lei forniti formeranno oggetto di trattamento nel rispetto della normativa sopra richiamata e degli obblighi di riservatezza cui \u00e8 tenuta la Titolare del trattamento.<\/p>\n<p><strong>Accettazione dell\u2019informativa sulla privacy<\/strong><br \/>\nFornendo i Suoi dati personali e continuando ad utilizzare il nostro sito web, conferma di aver letto e compreso i termini delle informative che trover\u00e0 qui di sotto. Qualora non desidera che vengano raccolte o elaborate le Sue informazioni nei modi descritti in questa informativa, non dovr\u00e0 utilizzare i servizi offerti dal Sito.<\/p>\n<p><strong>Titolare del trattamento<\/strong><br \/>\nIl Calzaturificio Marco s.r.l., in persona del legale rappresentante pro-tempore, con sede in Lastra a Signa (FI), Via delle macine 41\/42, \u00e8 il Titolare del Trattamento, cio\u00e8 il soggetto che decide come e perch\u00e9 trattare i Suoi dati personali (di seguito \u201cTitolare\u201d). I dati di contatto del Titolare del Trattamento sono i seguenti: Tel. 055.878080, mail: info@grigiarancio.it.<\/p>\n<p><strong>Oggetto del trattamento<\/strong><br \/>\nI dati personali trattati sono:<br \/>\na. dati di navigazione: quelli che il sistema informatico e le procedure software preposte al funzionamento del presente sito web acquisiscono, nel corso del loro normale esercizio, durante la navigazione dell\u2019utente (quali gli indirizzi IP, o i nomi di dominio dei computer utilizzati dagli utenti, le caratteristiche della consultazione in termini di accesso a sezioni, la data e la durata della consultazione). Si tratta di informazioni che non vengono raccolte per essere associate ad interessi identificati, ma che vengono utilizzate al solo fine di ricavarne informazioni statistiche anonime sull\u2019uso del sito e per controllarne il corretto funzionamento;<br \/>\nb. dati forniti volontariamente dall\u2019utente: quelli volontariamente forniti dall\u2019utente al momento dell\u2019invio di messaggi di posta elettronica agli indirizzi indicati o dell\u2019inoltro di richieste tramite il Form di contatto, che comportano la successiva acquisizione dell\u2019indirizzo del mittente e degli ulteriori eventuali dati personali inseriti nella missiva (quali, a titolo puramente esemplificativo, nome, cognome, codice fiscale, partita Iva, e-mail, numero telefonico). Nel caso in cui vengano forniti dati personali di soggetti terzi, questi dovranno essere previamente informati anche del contenuto del presente documento, e dovranno prestare la propria autorizzazione a fornire tali dati al Titolare del Trattamento per gli scopi indicati.<br \/>\nPer consentire l\u2019esplorazione sicura ed efficiente del nostro sito, utilizziamo i cd. cookie: per maggiori informazioni sul loro utilizzo, pu\u00f2 consultare la pagina dedicata alla Cookie Policy.<br \/>\nLa presente informativa \u00e8 resa solo per il sito www.grigiarancio.it e non anche per gli altri siti web eventualmente consultati dall\u2019Utente tramite collegamenti ipertestuali o link.<\/p>\n<p><strong>Finalit\u00e0 del trattamento<\/strong><br \/>\nI dati personali sono trattati per le finalit\u00e0 strettamente legale all\u2019espletazione del servizio richiesto.<br \/>\nAi sensi e per gli effetti degli artt. 6 e 7 GDPR, i Suoi dati personali sono trattati:<br \/>\na. senza il Suo consenso espresso, per le seguenti finalit\u00e0:<br \/>\npermetterLe di fruire dei servizi richiesti;<br \/>\nadempiere ai vigenti obblighi amministrativi, contabili e fiscali. I dati vengono trattati, in questo caso, da noi e dai nostri incaricati, e vengono comunicati all\u2019esterno solo in adempimento ad obblighi di legge;<br \/>\ngestire le richieste inoltrate tramite il nostro Form;<br \/>\ngestire e mantenere il sito web;<br \/>\nadempiere agli obblighi precontrattuali, contrattuali e fiscali derivanti da rapporti con Lei in essere;<br \/>\nadempiere agli obblighi previsti dalla legge, da un regolamento, dalla normativa comunitaria o da un ordine dell\u2019Autorit\u00e0;<br \/>\nprevenire o scoprire attivit\u00e0 fraudolente o abusi dannosi per il sito web;<br \/>\nesercitare i diritti del Titolare, quali la difesa in giudizio;<br \/>\nconcludere e dare esecuzione a un contratto.<br \/>\nb. solo previo specifico e distinto consenso per le seguenti finalit\u00e0:<br \/>\ninviarLe, utilizzando le modalit\u00e0 da Lei prescelte, Newsletter, comunicazioni commerciali e\/o materiale pubblicitario su prodotti e servizi offerti dal Titolare e rilevazione sul grado di soddisfazione sulla qualit\u00e0 dei servizi.<\/p>\n<p><strong>Base giuridica del trattamento<\/strong><br \/>\nTrattiamo i Suoi dati soltanto in presenza di una delle condizioni previste dalla normativa vigente, e nello specifico:<br \/>\na. per la conclusione o esecuzione di un contratto di cui Lei \u00e8 parte, avendo cura di utilizzare esclusivamente le informazioni minime necessarie per l\u2019esecuzione dello stesso. Questa base legittima i trattamenti di dati personali che avvengono nell\u2019attivit\u00e0 di fruizione dei servizi offerti dal sito www.grigiarancio.it, e nella gestione delle richieste inviate tramite il Form. L\u2019utente \u00e8 libero di comunicare o meno i suoi dati, ma in caso di mancato conferimento dei Sui dati personali, non sar\u00e0 possibile dare esecuzione alle Sue richieste n\u00e9 si potr\u00e0 usufruire dei servizi del Sito;<br \/>\nc. per dare seguito a un obbligo legale;<br \/>\nd. per un nostro legittimo interesse, quale quello di prevenire frodi o reati e ottimizzare il nostro sito web;<br \/>\ne. sulla base del Suo consenso, per le finalit\u00e0 di marketing sopra descritte.<br \/>\nFornirci i Suoi dati personali per tali attivit\u00e0 \u00e8 assolutamente facoltativo: in mancanza, per\u00f2, non sar\u00e0 possibile svolgere le suddette attivit\u00e0.<\/p>\n<p><strong>Modalit\u00e0 di trattamento e conservazione<\/strong><br \/>\nIl trattamento dai Suoi dati \u00e8 improntato ai principi di correttezza, liceit\u00e0, trasparenza e tutela della riservatezza, e viene effettuato in maniera da garantire un\u2019adeguata sicurezza dei dati personali. Il Titolare del Trattamento adotta tutte le misure ragionevoli per cancellare e\/o rettificare tempestivamente eventuali dati inesatti.<br \/>\nIl trattamento verr\u00e0 svolto in forma automatizzata e\/o manuale, nel rispetto di quanto previsto dall\u2019art. 32 GDPR 2016\/679 in materia di misure di sicurezza, ad opera di soggetti appositamente incaricati e in ottemperanza a quanto previsto dall\u2019art. 29 GDPR 2016\/679.<\/p>\n<p><strong>Tempo di conservazione dei dati<\/strong><br \/>\nNel rispetto dei principi di liceit\u00e0 e minimizzazione dei dati, ai sensi dell\u2019art. 5 GDPR, i Suoi dati personali saranno conservati per il periodo di tempo necessario al conseguimento delle finalit\u00e0 per le quali sono raccolti e trattati, al termine del quale saranno cancellati.<br \/>\nIn particolare, i Suoi dati personali saranno conservati nel rispetto dei termini e dei criteri qui di seguito specificati:<br \/>\na. i dati raccolti per la conclusione di un contratto saranno conservati fino alla conclusione delle formalit\u00e0 amministrativo-contabili, o anche per un periodo superiore in caso di controversia legale. I dati legati alla fatturazione saranno conservati fino alla conclusione delle formalit\u00e0 di legge;<br \/>\nb. i dati forniti facoltativamente saranno conservati per il tempo strettamente necessario al conseguimento delle finalit\u00e0 per le quali sono raccolti, e comunque cancellati al momento della richiesta da parte dell\u2019utente di interruzione dell\u2019attivit\u00e0.<\/p>\n<p><strong>Destinatari dei dati personali<\/strong><br \/>\nLa informiamo inoltre che i dati raccolti non saranno diffusi e non saranno oggetto di comunicazione senza Suo espresso consenso, salve le comunicazioni necessarie per l\u2019adempimento di obblighi di legge, per l\u2019esecuzione di controlli dei sicurezza o per la fornitura dei servizi richiesti dall\u2019utente.<\/p>\n<p><strong>Trasferimento dei dati personali<\/strong><br \/>\nI Tuoi dati personali non saranno trasferiti in Paesi terzi non appartenenti all\u2019Unione Europea, che non forniscano le garanzie di cui agli artt. 44 e 49 GDPR, e dunque:<br \/>\nadeguatezza del paese terzi riconosciuta tramite decisione della Commissione Europea;<br \/>\ngaranzie di natura contrattuale e pattizia fornite dai titolari coinvolti;<br \/>\nutilizzo delle deroghe di cui all\u2019art. 49 GDPR, quali l\u2019esplicito consenso o la necessit\u00e0 del trasferimento per la conclusione o l\u2019esecuzione del contratto stipulato in favore dell\u2019utente.<\/p>\n<p><strong>Processo decisionale automatizzato e Profilazione dei dati<\/strong><br \/>\nIl Titolare del Trattamento non adotta alcun processo decisionale automatizzato, compresa la profilazione, di cui all\u2019art. 22 del GDPR 2016\/679.<\/p>\n<p><strong>Minori<\/strong><br \/>\nI servizi offerti dal sito www.grigiarancio.it previo consenso, non sono rivolti a minori di anni 18. Qualora la Titolare venisse a conoscenza che un minore di anni 18 ha fornito i propri dati personali, questi verranno cancellati.<\/p>\n<p><strong>Diritti dell\u2019interessato<\/strong><br \/>\nIn ogni momento, Lei potr\u00e0 esercitare, ai sensi degli artt. dal 15 al 22 del GDPR 2016\/679, il diritto di:<br \/>\na. chiedere la conferma dell\u2019esistenza o meno di propri dati personali;<br \/>\nf. ottenere le indicazioni circa le finalit\u00e0 del trattamento, le categorie dei dati personali, i destinatari o le categorie di destinatari a cui i dati personali sono stati o saranno comunicati e, quando possibile, il periodo di conservazione;<br \/>\ng. ottenere la rettifica e la cancellazione dei dati;<br \/>\nh. ottenere la limitazione del trattamento dei dati personali;<br \/>\ni. ottenere la portabilit\u00e0 dei dati, ossia riceverli da un titolare del trattamento, in un formato strutturato, di uso comune e leggibile da dispositivo automatico, e trasmetterli ad un altro titolare del trattamento senza impedimenti;<br \/>\nj. opporsi al trattamento in qualsiasi momento ed anche nel caso di trattamento per finalit\u00e0 di marketing diretto;<br \/>\nk. opporsi ad un processo decisionale automatizzato relativo alle persone fisiche, compresa la profilazione;<br \/>\nl. revocare il consenso in qualsiasi momento senza pregiudicare la liceit\u00e0 del trattamento basata sul consenso prestato prima della revoca;<br \/>\nm. proporre reclamo a un\u2019autorit\u00e0 di controllo.<br \/>\nPu\u00f2 esercitare i Suoi diritti con richiesta scritta inviata a Calzaturificio Marco s.r.l. s.r.l., Via delle Macine 41\/42, Lastra a Signa (FI), o all\u2019indirizzo e-mail info@grigiarancio.it.<\/p>\n<p><strong>Misure di sicurezza<\/strong><br \/>\nProteggiamo i Suoi dati personali con specifiche misure di sicurezza tecniche e organizzative, volte a prevenire che i Suoi dati personali possano essere utilizzati in maniera illegittima o fraudolenta, e le sottoponiamo a revisione periodica.<br \/>\nPer impedire accessi indesiderati o utilizzi abusivi di dati, seguiamo severi procedimenti per l\u2019immagazzinamento e la comunicazione delle informazioni, e nel caso improbabile di violazione della sicurezza che comprometta la tutela dei dati personali degli utenti, provvediamo a comunicarlo agli interessati, se necessario.<br \/>\nIl Titolare del trattamento fa s\u00ec che chiunque agisca sotto la sua autorit\u00e0 e abbia accesso a dati personali, non tratti tali dati se non \u00e8 adeguatamente istruito in tal senso.<\/p>\n<p>Siti web e servizi di terze parti<br \/>\nIl sito web del Calzaturificio Marco s.r.l. potrebbe contenere collegamenti ad altri siti web, che dispongono di una propria informativa sulla privacy, che pu\u00f2 essere diversa da quella adottata dal Calzaturificio Marco s.r.l. Pertanto, quest\u2019ultimo non risponde della navigazione e dell\u2019utilizzo di detti siti, n\u00e9 pu\u00f2 essere considerato responsabile delle regole adottate da questi siti in materia di trattamento dei dati personali. Con tali collegamenti si esce volontariamente dal sito www.grigiarancio.it, che non \u00e8 responsabile del contenuto di siti e pagine accessibili tramite link che non sono sotto il suo controllo.<br \/>\nNel caso in cui sia installato un servizio di questo tipo, \u00e8 peraltro possibile che lo stesso raccolga dati di traffico relativi alle pagine in cui \u00e8 installato.<br \/>\nL\u2019indicazione di un link non implica alcun tipo di garanzia circa i relativi contenuti, servizi e\/o beni da questi offerti o venduti.<br \/>\nSul sito www.grigiarancio.it potrete trovare i seguenti collegamenti:<br \/>\n&#8211; Google Maps (Google Inc.): \u00e8 un servizio di visualizzazione di mappe gestito da Google Inc., che permette a questo sito di integrare tali contenuti all\u2019interno delle proprie pagine.<br \/>\nDati personali raccolti: Cookie e dati di utilizzo;<br \/>\n(https:\/\/policies.google.com\/privacy?hl=it)<br \/>\nNelle pagine del nostro sito ci sono alcuni moduli di contatto: quando l\u2019Utente manda una richiesta o un messaggio, fornisce alcuni dati personali che noi usiamo per rispondere alla Sua richiesta, e non li comunichiamo a nessun altro.<\/p>\n<p><strong>Modifiche alla presente informativa<\/strong><br \/>\nLa presente informativa potrebbe subire variazioni e aggiornamenti. Ogni modifica alla presente informativa sulla Privacy diverr\u00e0 effettiva nel momento della sua pubblicazione o secondo quanto diversamente previsto dalla legge.<\/p>\n<h3>INFORMATIVA ESTESA SUI COOKIE<\/h3>\n<p>I cookie sono piccoli file di testo che vengono scambiati con i browser degli utenti, al fine di agevolare l\u2019accesso e la navigazione del sito, e in alcuni casi per abilitare alcune funzionalit\u00e0.<br \/>\nI cookie si dividono in:<br \/>\na. Cookie tecnici: sono i cookie che permettono il corretto funzionamento di alcune sezioni del sito, e non vengono utilizzati per scopi ulteriori. Senza il ricorso a tali cookie, alcune operazioni non potrebbero essere compiute o sarebbero pi\u00f9 complesse o meno sicure.<br \/>\nTale categoria pu\u00f2 essere a sua volta distinta in due sottocategorie:<br \/>\n&#8211; Cookie persistenti: i quali, una volta chiuso il browser, non vengono distrutti ma rimangono fino a una data di scadenza reimpostata;<br \/>\n&#8211; Cookie analitici: assimilati ai cookie tecnici laddove impiegati dal gestore del sito per raccogliere, in forma aggregata e anonima, informazioni statistiche in merito al numero degli utenti e alle modalit\u00e0 di navigazione di questi, al fine di migliorare l\u2019utilizzo del Sito;<br \/>\n&#8211; Cookie di sessione: garantiscono la normale navigazione e fruizione del sito web, e sono di fatto necessari per il corretto funzionamento del sito, venendo poi distrutti ogni volta che il browser viene chiuso.<br \/>\nPer l\u2019installazione di tali cookie non \u00e8 richiesto il preventivo consenso dell\u2019utente.<\/p>\n<p>b. Cookie di profilazione; sono i cookie utilizzati per tracciare la navigazione dell\u2019utente in rete e creare profili sui suoi gusti, abitudini, scelte ecc. Con questi cookie possono essere trasmessi al terminale dell\u2019utente messaggi pubblicitari in linea con le preferenze gi\u00e0 manifestate dallo stesso utente nella navigazione online.<br \/>\nPer l\u2019utilizzo di tali cookie \u00e8 richiesto il consenso dell\u2019interessato, il quale pu\u00f2 autorizzare o negare il consenso all\u2019installazione dei cookie attraverso le opzioni fornite nella sezione \u201cGestione dei cookie\u201d.<br \/>\nc. Cookie di terze parti: nel corso della navigazione, l\u2019utente pu\u00f2 ricevere nel suo terminale, oltre ai cookie provenienti dal Sito visitato, anche cookie che vengono inviati da siti terzi. La gestione delle informazioni raccolte da tali terze parti \u00e8 disciplinata dalle relative informative sulla privacy e sui cookie, cui si prega di far riferimento.<br \/>\nd. Cookie di social network: questi cookie sono necessari per permettere al Suo account social di interagire con il nostro Sito. Per ulteriori informazioni sulle politiche di utilizzo dei cookie da parte dei social network, si consiglia di consultare le rispettive privacy e cookie policy.<\/p>\n<p><strong>Cookie installati su questo sito <\/strong><br \/>\nLa societ\u00e0 Calzaturificio Marco s.r.l. utilizza i cookie tecnici, anche persistenti, strettamente necessari per consentire la navigazione e la corretta fruizione del sito web, e correlare le pagine visitate alla medesima sessione di lavoro.<br \/>\nNel sito www.grigiarancio.it sono presenti anche cookie di terze parti: per la loro installazione verr\u00e0 chiesto il consenso all\u2019Utente, il quale potr\u00e0, anche in seguito, modificarlo o negarlo attraverso le impostazioni del browser .<br \/>\nPer tutti gli altri tipi di cookie, Le sar\u00e0 richiesto espresso consenso all\u2019utilizzo nel momento dell\u2019apertura del sito: continuando a utilizzare questo sito, acconsente all\u2019utilizzo dei cookie.<\/p>\n<p><strong>Disattivazione dei cookie<\/strong><br \/>\nLe preferenze relative ai cookie possono essere gestite direttamente all\u2019interno del proprio browser, potendosi eliminare i Cookie installati in passato. E\u2019 tuttavia importante sapere che disattivando i cookie, alcune delle funzionalit\u00e0 del presente sito potrebbero non essere utilizzabili.<br \/>\nL\u2019utente pu\u00f2 trovare informazioni su come gestire i Cookie nel suo browser ai seguenti indirizzi:<br \/>\n&#8211; Google Chrome<br \/>\nhttps:\/\/support.google.com\/chrome\/answer\/95647?co=GENIE.Platform%3DDesktop&amp;hl=it &#8211;<br \/>\n&#8211; Mozilla Firefox<br \/>\nhttps:\/\/support.mozilla.org\/it\/kb\/Gestione%20dei%20cookie<br \/>\n&#8211; Apple Safari<br \/>\nhttps:\/\/support.apple.com\/it-it\/guide\/safari\/sfri11471\/mac<br \/>\n&#8211; Microsoft Windows Explorer<br \/>\nhttps:\/\/support.microsoft.com\/it-it\/help\/17442\/windows-internet-explorer-delete-manage-cookies<br \/>\n&#8211; Opera<br \/>\nhttp:\/\/help.opera.com\/Windows\/10.00\/it\/cookies.html<br \/>\nIn caso di servizi erogati da terze parti, l\u2019utente pu\u00f2 inoltre esercitare il proprio diritto ad opporsi al tracciamento informandosi tramite la informativa sulla privacy della terza parte o contattando direttamente la stessa.<\/p>\n","protected":false},"excerpt":{"rendered":"<p>AREA LEGALE CONDIZIONI GENERALI D\u2019USO Benvenuti sul sito www.grigiarancio.it. L\u2019accesso, la consultazione, la registrazione e qualsivoglia uso del presente Sito web e dei relativi contenuti e<span class=\"excerpt-hellip\"> [\u2026]<\/span><\/p>\n","protected":false},"author":1,"featured_media":0,"parent":0,"menu_order":0,"comment_status":"closed","ping_status":"closed","template":"","meta":[],"_links":{"self":[{"href":"https:\/\/www.grigiarancio.it\/en\/wp-json\/wp\/v2\/pages\/3174"}],"collection":[{"href":"https:\/\/www.grigiarancio.it\/en\/wp-json\/wp\/v2\/pages"}],"about":[{"href":"https:\/\/www.grigiarancio.it\/en\/wp-json\/wp\/v2\/types\/page"}],"author":[{"embeddable":true,"href":"https:\/\/www.grigiarancio.it\/en\/wp-json\/wp\/v2\/users\/1"}],"replies":[{"embeddable":true,"href":"https:\/\/www.grigiarancio.it\/en\/wp-json\/wp\/v2\/comments?post=3174"}],"version-history":[{"count":2,"href":"https:\/\/www.grigiarancio.it\/en\/wp-json\/wp\/v2\/pages\/3174\/revisions"}],"predecessor-version":[{"id":3374,"href":"https:\/\/www.grigiarancio.it\/en\/wp-json\/wp\/v2\/pages\/3174\/revisions\/3374"}],"wp:attachment":[{"href":"https:\/\/www.grigiarancio.it\/en\/wp-json\/wp\/v2\/media?parent=3174"}],"curies":[{"name":"wp","href":"https:\/\/api.w.org\/{rel}","templated":true}]}}